{"id":28,"date":"2018-04-12T13:26:26","date_gmt":"2018-04-12T13:26:26","guid":{"rendered":"http:\/\/bodegalasarcas.com.ar\/web\/?page_id=28"},"modified":"2023-09-25T14:15:20","modified_gmt":"2023-09-25T17:15:20","slug":"contacto","status":"publish","type":"page","link":"https:\/\/bodegalasarcas.com.ar\/web\/contacto\/","title":{"rendered":"Contacto"},"content":{"rendered":"<section class=\"l-section wpb_row height_medium color_primary with_img parallax_ver\"><div class=\"l-section-img\" role=\"img\" aria-label=\"Imagen\" data-img-width=\"1200\" data-img-height=\"800\" style=\"background-image: url(https:\/\/bodegalasarcas.com.ar\/web\/wp-content\/uploads\/2018\/05\/bodega_galeria-2.jpg);background-position: bottom center;background-size: auto;\"><\/div><div class=\"l-section-overlay\" style=\"background:rgba(79,31,0,0.7)\"><\/div><div class=\"l-section-h i-cf\"><div class=\"g-cols vc_row via_flex valign_top type_default stacking_default\"><div class=\"vc_col-sm-12 wpb_column vc_column_container\"><div class=\"vc_column-inner\"><div class=\"wpb_wrapper\"><div class=\"wpb_text_column\"><div class=\"wpb_wrapper\"><h1 style=\"text-align: center;\">Esperamos su mensaje.<\/h1>\n<\/div><\/div><div class=\"w-separator size_medium\"><\/div><\/div><\/div><\/div><\/div><\/div><\/section><section class=\"l-section wpb_row height_medium\"><div class=\"l-section-h i-cf\"><div class=\"g-cols vc_row via_flex valign_top type_default stacking_default\" style=\"--additional-gap:10px;\"><div class=\"vc_col-sm-6 wpb_column vc_column_container\"><div class=\"vc_column-inner\"><div class=\"wpb_wrapper\"><div class=\"wpb_text_column\"><div class=\"wpb_wrapper\"><p><iframe src=\"https:\/\/www.google.com\/maps\/embed?pb=!1m28!1m12!1m3!1d383742.2055430577!2d-65.83115051933504!3d-26.672507583677262!2m3!1f0!2f0!3f0!3m2!1i1024!2i768!4f13.1!4m13!3e0!4m5!1s0x94225c7393fe8fc3%3A0xa02ca98fdb0baf1a!2sJos%C3%A9%20Rondeau%201212%2C%20San%20Miguel%20de%20Tucum%C3%A1n%2C%20Tucum%C3%A1n!3m2!1d-26.839750199999997!2d-65.2186151!4m5!1s0x941f4e9d18e36d93%3A0x59c1aacf14877028!2sBodega%20Las%20Arcas%20de%20Tolomb%C3%B3n%2C%20RUTA%2040%20KM%204313-%20CHA%C3%91AR%20SOLO%2C%20T4141%20Colalao%20del%20Valle%2C%20Tucum%C3%A1n!3m2!1d-26.304010899999998!2d-65.95384849999999!5e0!3m2!1ses-419!2sar!4v1695661893960!5m2!1ses-419!2sar\" width=\"600\" height=\"450\" style=\"border:0;\" allowfullscreen=\"\" loading=\"lazy\" referrerpolicy=\"no-referrer-when-downgrade\"><\/iframe><\/p>\n<\/div><\/div><div class=\"g-cols wpb_row via_flex valign_top type_default stacking_default\"><div class=\"vc_col-sm-6 wpb_column vc_column_container\"><div class=\"vc_column-inner\"><div class=\"wpb_wrapper\"><div class=\"wpb_text_column\"><div class=\"wpb_wrapper\"><h5>Bodega<\/h5>\n<\/div><\/div><div class=\"w-iconbox iconpos_left style_default color_primary align_left no_text\"><a target=\" _blank\" rel=\"nofollow\" href=\"https:\/\/goo.gl\/maps\/esd2i7AmHdhBxRMP8\" class=\"w-iconbox-link\" aria-label=\"Ruta Nacional N\u00b0 40 km 4313, Colalao del Valle ,Tucum\u00e1n, Argentina\"><div class=\"w-iconbox-icon\" style=\"font-size:1.2rem;\"><i class=\"fas fa-map-marker-alt\"><\/i><\/div><\/a><div class=\"w-iconbox-meta\"><div class=\"w-iconbox-title\"><a target=\" _blank\" rel=\"nofollow\" href=\"https:\/\/goo.gl\/maps\/esd2i7AmHdhBxRMP8\" class=\"w-iconbox-link\" aria-label=\"Ruta Nacional N\u00b0 40 km 4313, Colalao del Valle ,Tucum\u00e1n, Argentina\">Ruta Nacional N\u00b0 40 km 4313, Colalao del Valle ,Tucum\u00e1n, Argentina<\/a><\/div><\/div><\/div><div class=\"w-separator size_custom\" style=\"height:10px\"><\/div><div class=\"w-iconbox iconpos_left style_default color_primary align_left no_text\"><a href=\"tel:+54 381 5464669\" class=\"w-iconbox-link\" aria-label=\"+54 381 5464669\"><div class=\"w-iconbox-icon\" style=\"font-size:1.2rem;\"><i class=\"fas fa-phone\"><\/i><\/div><\/a><div class=\"w-iconbox-meta\"><div class=\"w-iconbox-title\"><a href=\"tel:+54 381 5464669\" class=\"w-iconbox-link\" aria-label=\"+54 381 5464669\">+54 381 5464669<\/a><\/div><\/div><\/div><div class=\"w-iconbox iconpos_left style_default color_primary align_left no_text\"><a href=\"tel:+54 381 5464687\" class=\"w-iconbox-link\" aria-label=\"+54 381 5464687\"><div class=\"w-iconbox-icon\" style=\"font-size:1.2rem;\"><i class=\"fas fa-phone\"><\/i><\/div><\/a><div class=\"w-iconbox-meta\"><div class=\"w-iconbox-title\"><a href=\"tel:+54 381 5464687\" class=\"w-iconbox-link\" aria-label=\"+54 381 5464687\">+54 381 5464687<\/a><\/div><\/div><\/div><div class=\"w-separator size_custom\" style=\"height:20px\"><\/div><div class=\"wpb_text_column\"><div class=\"wpb_wrapper\"><h5>Campo Las Arcas<\/h5>\n<\/div><\/div><div class=\"w-iconbox iconpos_left style_default color_primary align_left no_text\"><a target=\" _blank\" rel=\"nofollow\" href=\"https:\/\/www.google.com.ar\/maps\/place\/BODEGA+LAS+ARCAS+DE+TOLOMBON-OFICINA+COMERCIAL\/@-26.825443,-65.196218,15z\/data=!4m5!3m4!1s0x0:0x5d480290d6d094c9!8m2!3d-26.825443!4d-65.196218\" class=\"w-iconbox-link\" aria-label=\"Camino Tolomb\u00f3n-Hualinchay, Cafayate, Salta, Argentina\"><div class=\"w-iconbox-icon\" style=\"font-size:1.2rem;\"><i class=\"fas fa-map-marker-alt\"><\/i><\/div><\/a><div class=\"w-iconbox-meta\"><div class=\"w-iconbox-title\"><a target=\" _blank\" rel=\"nofollow\" href=\"https:\/\/www.google.com.ar\/maps\/place\/BODEGA+LAS+ARCAS+DE+TOLOMBON-OFICINA+COMERCIAL\/@-26.825443,-65.196218,15z\/data=!4m5!3m4!1s0x0:0x5d480290d6d094c9!8m2!3d-26.825443!4d-65.196218\" class=\"w-iconbox-link\" aria-label=\"Camino Tolomb\u00f3n-Hualinchay, Cafayate, Salta, Argentina\">Camino Tolomb\u00f3n-Hualinchay, Cafayate, Salta, Argentina<\/a><\/div><\/div><\/div><\/div><\/div><\/div><div class=\"vc_col-sm-6 wpb_column vc_column_container\"><div class=\"vc_column-inner\"><div class=\"wpb_wrapper\"><div class=\"wpb_text_column\"><div class=\"wpb_wrapper\"><h5>Administraci\u00f3n<\/h5>\n<\/div><\/div><div class=\"w-iconbox iconpos_left style_default color_primary align_left no_text\"><a target=\"_blank\" rel=\"nofollow\" href=\"https:\/\/www.google.com.ar\/maps\/place\/BODEGA+LAS+ARCAS+DE+TOLOMBON-OFICINA+COMERCIAL\/@-26.825443,-65.196218,15z\/data=!4m5!3m4!1s0x0:0x5d480290d6d094c9!8m2!3d-26.825443!4d-65.196218\" class=\"w-iconbox-link\" aria-label=\"Rondeau 1212, San Miguel de Tucum\u00e1n, Tucum\u00e1n, Argentina\"><div class=\"w-iconbox-icon\" style=\"font-size:1.2rem;\"><i class=\"fas fa-map-marker-alt\"><\/i><\/div><\/a><div class=\"w-iconbox-meta\"><div class=\"w-iconbox-title\"><a target=\"_blank\" rel=\"nofollow\" href=\"https:\/\/www.google.com.ar\/maps\/place\/BODEGA+LAS+ARCAS+DE+TOLOMBON-OFICINA+COMERCIAL\/@-26.825443,-65.196218,15z\/data=!4m5!3m4!1s0x0:0x5d480290d6d094c9!8m2!3d-26.825443!4d-65.196218\" class=\"w-iconbox-link\" aria-label=\"Rondeau 1212, San Miguel de Tucum\u00e1n, Tucum\u00e1n, Argentina\">Rondeau 1212, San Miguel de Tucum\u00e1n, Tucum\u00e1n, Argentina<\/a><\/div><\/div><\/div><div class=\"w-separator size_custom\" style=\"height:10px\"><\/div><div class=\"w-iconbox iconpos_left style_default color_primary align_left no_text\"><a href=\"tel: +54 381 4308821\" class=\"w-iconbox-link\" aria-label=\"+54 381 4308821\"><div class=\"w-iconbox-icon\" style=\"font-size:1.2rem;\"><i class=\"fas fa-phone\"><\/i><\/div><\/a><div class=\"w-iconbox-meta\"><div class=\"w-iconbox-title\"><a href=\"tel: +54 381 4308821\" class=\"w-iconbox-link\" aria-label=\"+54 381 4308821\">+54 381 4308821<\/a><\/div><\/div><\/div><div class=\"w-iconbox iconpos_left style_default color_primary align_left no_text\"><a href=\"tel:+54 381 3351240\" class=\"w-iconbox-link\" aria-label=\"+54 381 3351240\"><div class=\"w-iconbox-icon\" style=\"font-size:1.2rem;\"><i class=\"fab fa-whatsapp\"><\/i><\/div><\/a><div class=\"w-iconbox-meta\"><div class=\"w-iconbox-title\"><a href=\"tel:+54 381 3351240\" class=\"w-iconbox-link\" aria-label=\"+54 381 3351240\">+54 381 3351240<\/a><\/div><\/div><\/div><div class=\"w-separator size_custom\" style=\"height:10px\"><\/div><div class=\"w-iconbox iconpos_left style_default color_primary align_left no_text\"><a href=\"mailto:info@example.com\" class=\"w-iconbox-link\" aria-label=\"info@bodegalasarcas.com.ar\"><div class=\"w-iconbox-icon\" style=\"font-size:1.2rem;\"><i class=\"fas fa-envelope\"><\/i><\/div><\/a><div class=\"w-iconbox-meta\"><div class=\"w-iconbox-title\"><a href=\"mailto:info@example.com\" class=\"w-iconbox-link\" aria-label=\"info@bodegalasarcas.com.ar\">info@bodegalasarcas.com.ar<\/a><\/div><\/div><\/div><div class=\"w-separator size_small\"><\/div><div class=\"wpb_text_column\"><div class=\"wpb_wrapper\"><h5>Exportaci\u00f3n<\/h5>\n<\/div><\/div><div class=\"w-iconbox iconpos_left style_default color_primary align_left no_text\"><a href=\"mailto:exporlasarcas@gmail.com\" class=\"w-iconbox-link\" aria-label=\"exporlasarcas@gmail.com\"><div class=\"w-iconbox-icon\" style=\"font-size:1.2rem;\"><i class=\"fas fa-envelope\"><\/i><\/div><\/a><div class=\"w-iconbox-meta\"><div class=\"w-iconbox-title\"><a href=\"mailto:exporlasarcas@gmail.com\" class=\"w-iconbox-link\" aria-label=\"exporlasarcas@gmail.com\">exporlasarcas@gmail.com<\/a><\/div><\/div><\/div><div class=\"w-separator size_small\"><\/div><div class=\"w-socials us_custom_48043913 color_text shape_rounded style_solid hover_fade\" style=\"--gap:0.1em;\"><div class=\"w-socials-list\"><div class=\"w-socials-item facebook\"><a target=\"_blank\" rel=\"nofollow\" href=\"https:\/\/www.facebook.com\/lasarcasdetolombonoficial\/?ref=br_rs\" class=\"w-socials-item-link\" aria-label=\"Facebook\"><span class=\"w-socials-item-link-hover\"><\/span><i class=\"fab fa-facebook\"><\/i><\/a><div class=\"w-socials-item-popup\"><span>Facebook<\/span><\/div><\/div><div class=\"w-socials-item instagram\"><a target=\"_blank\" rel=\"nofollow\" href=\"https:\/\/www.instagram.com\/bodegalasarcas_oficial\/\" class=\"w-socials-item-link\" aria-label=\"Instagram\"><span class=\"w-socials-item-link-hover\"><\/span><i class=\"fab fa-instagram\"><\/i><\/a><div class=\"w-socials-item-popup\"><span>Instagram<\/span><\/div><\/div><div class=\"w-socials-item youtube\"><a target=\"_blank\" rel=\"nofollow\" href=\"https:\/\/www.youtube.com\/channel\/UCFZl-FjVRhqERIKARMLo4rw\" class=\"w-socials-item-link\" aria-label=\"YouTube\"><span class=\"w-socials-item-link-hover\"><\/span><i class=\"fab fa-youtube\"><\/i><\/a><div class=\"w-socials-item-popup\"><span>YouTube<\/span><\/div><\/div><\/div><\/div><\/div><\/div><\/div><\/div><\/div><\/div><\/div><div class=\"vc_col-sm-6 wpb_column vc_column_container\"><div class=\"vc_column-inner\"><div class=\"wpb_wrapper\"><div class=\"wpb_text_column\"><div class=\"wpb_wrapper\"><p>Dejale tu mensaje a nuestra Directora Comercial. Nos gusta cuidar la relaci\u00f3n con nuestros clientes construyendo un servicio que acompa\u00f1e la excelencia de nuestros productos.<\/p>\n<\/div><\/div><div class=\"w-separator size_small\"><\/div>\n<div class=\"wpcf7 no-js\" id=\"wpcf7-f6424-o1\" lang=\"es-ES\" dir=\"ltr\" data-wpcf7-id=\"6424\">\n<div class=\"screen-reader-response\"><p role=\"status\" aria-live=\"polite\" aria-atomic=\"true\"><\/p> <ul><\/ul><\/div>\n<form action=\"\/web\/wp-json\/wp\/v2\/pages\/28#wpcf7-f6424-o1\" method=\"post\" class=\"wpcf7-form init\" aria-label=\"Formulario de contacto\" novalidate=\"novalidate\" data-status=\"init\">\n<fieldset class=\"hidden-fields-container\"><input type=\"hidden\" name=\"_wpcf7\" value=\"6424\" \/><input type=\"hidden\" name=\"_wpcf7_version\" value=\"6.1.5\" \/><input type=\"hidden\" name=\"_wpcf7_locale\" value=\"es_ES\" \/><input type=\"hidden\" name=\"_wpcf7_unit_tag\" value=\"wpcf7-f6424-o1\" \/><input type=\"hidden\" name=\"_wpcf7_container_post\" value=\"0\" \/><input type=\"hidden\" name=\"_wpcf7_posted_data_hash\" value=\"\" \/><input type=\"hidden\" name=\"_wpcf7_recaptcha_response\" value=\"\" \/>\n<\/fieldset>\n<p><label> Tu nombre (requerido)<br \/>\n<span class=\"wpcf7-form-control-wrap\" data-name=\"your-name\"><input size=\"40\" maxlength=\"400\" class=\"wpcf7-form-control wpcf7-text wpcf7-validates-as-required\" aria-required=\"true\" aria-invalid=\"false\" value=\"\" type=\"text\" name=\"your-name\" \/><\/span> <\/label>\n<\/p>\n<p><label> Tu correo electr\u00f3nico (requerido)<br \/>\n<span class=\"wpcf7-form-control-wrap\" data-name=\"your-email\"><input size=\"40\" maxlength=\"400\" class=\"wpcf7-form-control wpcf7-email wpcf7-validates-as-required wpcf7-text wpcf7-validates-as-email\" aria-required=\"true\" aria-invalid=\"false\" value=\"\" type=\"email\" name=\"your-email\" \/><\/span> <\/label>\n<\/p>\n<p><label> Tel\u00e9fono<br \/>\n<span class=\"wpcf7-form-control-wrap\" data-name=\"Telefono\"><input size=\"40\" maxlength=\"400\" class=\"wpcf7-form-control wpcf7-tel wpcf7-text wpcf7-validates-as-tel\" aria-invalid=\"false\" value=\"\" type=\"tel\" name=\"Telefono\" \/><\/span> <\/label>\n<\/p>\n<p><label> Localidad<br \/>\n<span class=\"wpcf7-form-control-wrap\" data-name=\"Localidad\"><input size=\"40\" maxlength=\"400\" class=\"wpcf7-form-control wpcf7-text\" aria-invalid=\"false\" value=\"\" type=\"text\" name=\"Localidad\" \/><\/span> <\/label>\n<\/p>\n<p><label> Provincia (requerido)<br \/>\n<span class=\"wpcf7-form-control-wrap\" data-name=\"Provincia\"><select class=\"wpcf7-form-control wpcf7-select wpcf7-validates-as-required\" aria-required=\"true\" aria-invalid=\"false\" name=\"Provincia\"><option value=\"Buenos Aires\">Buenos Aires<\/option><option value=\"Ciudad Aut\u00f3noma de BUenos Aires\">Ciudad Aut\u00f3noma de BUenos Aires<\/option><option value=\"Catamarca\">Catamarca<\/option><option value=\"C\u00f3rdoba\">C\u00f3rdoba<\/option><option value=\"Corrientes\">Corrientes<\/option><option value=\"Chaco\">Chaco<\/option><option value=\"Chubut\">Chubut<\/option><option value=\"Entre R\u00edos\">Entre R\u00edos<\/option><option value=\"Formosa\">Formosa<\/option><option value=\"Jujuy\">Jujuy<\/option><option value=\"La Pampa\">La Pampa<\/option><option value=\"La Rioja\">La Rioja<\/option><option value=\"Mendoza\">Mendoza<\/option><option value=\"Misiones\">Misiones<\/option><option value=\"Neuqu\u00e9n\">Neuqu\u00e9n<\/option><option value=\"R\u00edo Negro\">R\u00edo Negro<\/option><option value=\"Salta\">Salta<\/option><option value=\"San Juan\">San Juan<\/option><option value=\"San Luis\">San Luis<\/option><option value=\"Santa Cruz\">Santa Cruz<\/option><option value=\"Santa F\u00e9\">Santa F\u00e9<\/option><option value=\"Santiago del Estero\">Santiago del Estero<\/option><option value=\"Tierra del Fuego\">Tierra del Fuego<\/option><option value=\"Tucum\u00e1n\">Tucum\u00e1n<\/option><\/select><\/span> <\/label>\n<\/p>\n<p><label> Tu mensaje<br \/>\n<span class=\"wpcf7-form-control-wrap\" data-name=\"your-message\"><textarea cols=\"40\" rows=\"10\" maxlength=\"2000\" class=\"wpcf7-form-control wpcf7-textarea\" aria-invalid=\"false\" name=\"your-message\"><\/textarea><\/span> <\/label>\n<\/p>\n<p><input class=\"wpcf7-form-control wpcf7-submit has-spinner\" type=\"submit\" value=\"Enviar\" \/>\n<\/p><p style=\"display: none !important;\" class=\"akismet-fields-container\" data-prefix=\"_wpcf7_ak_\"><label>&#916;<textarea name=\"_wpcf7_ak_hp_textarea\" cols=\"45\" rows=\"8\" maxlength=\"100\"><\/textarea><\/label><input type=\"hidden\" id=\"ak_js_1\" name=\"_wpcf7_ak_js\" value=\"99\"\/><script>\ndocument.getElementById( \"ak_js_1\" ).setAttribute( \"value\", ( new Date() ).getTime() );\n<\/script>\n<\/p><div class=\"wpcf7-response-output\" aria-hidden=\"true\"><\/div>\n<\/form>\n<\/div>\n<div class=\"wpb_text_column\"><div class=\"wpb_wrapper\"><p><span style=\"color: #999999;\"><em>(This site is protected by reCAPTCHA and the Google Privacy Policy and Terms of Service apply)<\/em><\/span><\/p>\n<\/div><\/div><\/div><\/div><\/div><\/div><\/div><\/section><section class=\"l-section wpb_row align_center_xs height_small color_footer-bottom\"><div class=\"l-section-h i-cf\"><div class=\"g-cols vc_row via_flex valign_top type_default stacking_default\"><div class=\"vc_col-sm-6 wpb_column vc_column_container\"><div class=\"vc_column-inner\"><div class=\"wpb_wrapper\"><div class=\"wpb_text_column\"><div class=\"wpb_wrapper\"><p>\u00a9 2018 Bodegas Las Arcas de Tolomb\u00f3n &#8211; Todos los derechos reservados<\/p>\n<\/div><\/div><\/div><\/div><\/div><div class=\"vc_col-sm-6 wpb_column vc_column_container\"><div class=\"vc_column-inner\"><div class=\"wpb_wrapper\"><\/div><\/div><\/div><\/div><\/div><\/section>\n","protected":false},"excerpt":{"rendered":"Esperamos su mensaje. Bodega Ruta Nacional N\u00b0 40 km 4313, Colalao del Valle ,Tucum\u00e1n, Argentina+54 381 5464669+54 381 5464687 Campo Las Arcas Camino Tolomb\u00f3n-Hualinchay, Cafayate, Salta, Argentina Administraci\u00f3n Rondeau 1212, San Miguel de Tucum\u00e1n, Tucum\u00e1n, Argentina+54 381 4308821+54 381 3351240info@bodegalasarcas.com.ar Exportaci\u00f3n exporlasarcas@gmail.comFacebookInstagramYouTubeDejale tu mensaje a nuestra Directora Comercial. Nos gusta cuidar la relaci\u00f3n con nuestros...","protected":false},"author":1,"featured_media":0,"parent":0,"menu_order":0,"comment_status":"closed","ping_status":"closed","template":"","meta":{"_joinchat":[],"footnotes":""},"class_list":["post-28","page","type-page","status-publish","hentry"],"yoast_head":"<!-- This site is optimized with the Yoast SEO plugin v27.4 - https:\/\/yoast.com\/product\/yoast-seo-wordpress\/ -->\n<title>Contacto de Bodega Las Arcas de Tolomb\u00f3n<\/title>\n<meta name=\"description\" content=\"Dejale tu mensaje a nuestra directora comercial. Nos gusta cuidar la relaci\u00f3n con nuestros clientes construyendo un servicio que acompa\u00f1e la excelencia de nuestros productos.\" \/>\n<meta name=\"robots\" content=\"index, follow, max-snippet:-1, max-image-preview:large, max-video-preview:-1\" \/>\n<link rel=\"canonical\" href=\"https:\/\/bodegalasarcas.com.ar\/web\/contacto\/\" \/>\n<meta property=\"og:locale\" content=\"es_ES\" \/>\n<meta property=\"og:type\" content=\"article\" \/>\n<meta property=\"og:title\" content=\"Contacto de Bodega Las Arcas de Tolomb\u00f3n\" \/>\n<meta property=\"og:description\" content=\"Dejale tu mensaje a nuestra directora comercial. Nos gusta cuidar la relaci\u00f3n con nuestros clientes construyendo un servicio que acompa\u00f1e la excelencia de nuestros productos.\" \/>\n<meta property=\"og:url\" content=\"https:\/\/bodegalasarcas.com.ar\/web\/contacto\/\" \/>\n<meta property=\"og:site_name\" content=\"Bodega las Arcas de Tolomb\u00f3n\" \/>\n<meta property=\"article:publisher\" content=\"https:\/\/www.facebook.com\/lasarcasdetolombonoficial\/\" \/>\n<meta property=\"article:modified_time\" content=\"2023-09-25T17:15:20+00:00\" \/>\n<meta name=\"twitter:card\" content=\"summary_large_image\" \/>\n<meta name=\"twitter:label1\" content=\"Tiempo de lectura\" \/>\n\t<meta name=\"twitter:data1\" content=\"1 minuto\" \/>\n<script type=\"application\/ld+json\" class=\"yoast-schema-graph\">{\"@context\":\"https:\\\/\\\/schema.org\",\"@graph\":[{\"@type\":\"WebPage\",\"@id\":\"https:\\\/\\\/bodegalasarcas.com.ar\\\/web\\\/contacto\\\/\",\"url\":\"https:\\\/\\\/bodegalasarcas.com.ar\\\/web\\\/contacto\\\/\",\"name\":\"Contacto de Bodega Las Arcas de Tolomb\u00f3n\",\"isPartOf\":{\"@id\":\"https:\\\/\\\/bodegalasarcas.com.ar\\\/web\\\/#website\"},\"datePublished\":\"2018-04-12T13:26:26+00:00\",\"dateModified\":\"2023-09-25T17:15:20+00:00\",\"description\":\"Dejale tu mensaje a nuestra directora comercial. Nos gusta cuidar la relaci\u00f3n con nuestros clientes construyendo un servicio que acompa\u00f1e la excelencia de nuestros productos.\",\"breadcrumb\":{\"@id\":\"https:\\\/\\\/bodegalasarcas.com.ar\\\/web\\\/contacto\\\/#breadcrumb\"},\"inLanguage\":\"es\",\"potentialAction\":[{\"@type\":\"ReadAction\",\"target\":[\"https:\\\/\\\/bodegalasarcas.com.ar\\\/web\\\/contacto\\\/\"]}]},{\"@type\":\"BreadcrumbList\",\"@id\":\"https:\\\/\\\/bodegalasarcas.com.ar\\\/web\\\/contacto\\\/#breadcrumb\",\"itemListElement\":[{\"@type\":\"ListItem\",\"position\":1,\"name\":\"Portada\",\"item\":\"https:\\\/\\\/bodegalasarcas.com.ar\\\/web\\\/\"},{\"@type\":\"ListItem\",\"position\":2,\"name\":\"Contacto\"}]},{\"@type\":\"WebSite\",\"@id\":\"https:\\\/\\\/bodegalasarcas.com.ar\\\/web\\\/#website\",\"url\":\"https:\\\/\\\/bodegalasarcas.com.ar\\\/web\\\/\",\"name\":\"Bodega las Arcas de Tolomb\u00f3n\",\"description\":\"Vinos Tucumanos con la fuerza Valle Calchaqu\u00ed\",\"publisher\":{\"@id\":\"https:\\\/\\\/bodegalasarcas.com.ar\\\/web\\\/#organization\"},\"potentialAction\":[{\"@type\":\"SearchAction\",\"target\":{\"@type\":\"EntryPoint\",\"urlTemplate\":\"https:\\\/\\\/bodegalasarcas.com.ar\\\/web\\\/?s={search_term_string}\"},\"query-input\":{\"@type\":\"PropertyValueSpecification\",\"valueRequired\":true,\"valueName\":\"search_term_string\"}}],\"inLanguage\":\"es\"},{\"@type\":\"Organization\",\"@id\":\"https:\\\/\\\/bodegalasarcas.com.ar\\\/web\\\/#organization\",\"name\":\"Bodega las Arcas de Tolomb\u00f3n\",\"url\":\"https:\\\/\\\/bodegalasarcas.com.ar\\\/web\\\/\",\"logo\":{\"@type\":\"ImageObject\",\"inLanguage\":\"es\",\"@id\":\"https:\\\/\\\/bodegalasarcas.com.ar\\\/web\\\/#\\\/schema\\\/logo\\\/image\\\/\",\"url\":\"https:\\\/\\\/bodegalasarcas.com.ar\\\/web\\\/wp-content\\\/uploads\\\/2020\\\/05\\\/logo-BLAT-2020.png\",\"contentUrl\":\"https:\\\/\\\/bodegalasarcas.com.ar\\\/web\\\/wp-content\\\/uploads\\\/2020\\\/05\\\/logo-BLAT-2020.png\",\"width\":1024,\"height\":1024,\"caption\":\"Bodega las Arcas de Tolomb\u00f3n\"},\"image\":{\"@id\":\"https:\\\/\\\/bodegalasarcas.com.ar\\\/web\\\/#\\\/schema\\\/logo\\\/image\\\/\"},\"sameAs\":[\"https:\\\/\\\/www.facebook.com\\\/lasarcasdetolombonoficial\\\/\",\"https:\\\/\\\/www.instagram.com\\\/bodegalasarcas_oficial\\\/\",\"https:\\\/\\\/www.youtube.com\\\/channel\\\/UCFZl-FjVRhqERIKARMLo4rw\"]}]}<\/script>\n<!-- \/ Yoast SEO plugin. -->","yoast_head_json":{"title":"Contacto de Bodega Las Arcas de Tolomb\u00f3n","description":"Dejale tu mensaje a nuestra directora comercial. Nos gusta cuidar la relaci\u00f3n con nuestros clientes construyendo un servicio que acompa\u00f1e la excelencia de nuestros productos.","robots":{"index":"index","follow":"follow","max-snippet":"max-snippet:-1","max-image-preview":"max-image-preview:large","max-video-preview":"max-video-preview:-1"},"canonical":"https:\/\/bodegalasarcas.com.ar\/web\/contacto\/","og_locale":"es_ES","og_type":"article","og_title":"Contacto de Bodega Las Arcas de Tolomb\u00f3n","og_description":"Dejale tu mensaje a nuestra directora comercial. Nos gusta cuidar la relaci\u00f3n con nuestros clientes construyendo un servicio que acompa\u00f1e la excelencia de nuestros productos.","og_url":"https:\/\/bodegalasarcas.com.ar\/web\/contacto\/","og_site_name":"Bodega las Arcas de Tolomb\u00f3n","article_publisher":"https:\/\/www.facebook.com\/lasarcasdetolombonoficial\/","article_modified_time":"2023-09-25T17:15:20+00:00","twitter_card":"summary_large_image","twitter_misc":{"Tiempo de lectura":"1 minuto"},"schema":{"@context":"https:\/\/schema.org","@graph":[{"@type":"WebPage","@id":"https:\/\/bodegalasarcas.com.ar\/web\/contacto\/","url":"https:\/\/bodegalasarcas.com.ar\/web\/contacto\/","name":"Contacto de Bodega Las Arcas de Tolomb\u00f3n","isPartOf":{"@id":"https:\/\/bodegalasarcas.com.ar\/web\/#website"},"datePublished":"2018-04-12T13:26:26+00:00","dateModified":"2023-09-25T17:15:20+00:00","description":"Dejale tu mensaje a nuestra directora comercial. Nos gusta cuidar la relaci\u00f3n con nuestros clientes construyendo un servicio que acompa\u00f1e la excelencia de nuestros productos.","breadcrumb":{"@id":"https:\/\/bodegalasarcas.com.ar\/web\/contacto\/#breadcrumb"},"inLanguage":"es","potentialAction":[{"@type":"ReadAction","target":["https:\/\/bodegalasarcas.com.ar\/web\/contacto\/"]}]},{"@type":"BreadcrumbList","@id":"https:\/\/bodegalasarcas.com.ar\/web\/contacto\/#breadcrumb","itemListElement":[{"@type":"ListItem","position":1,"name":"Portada","item":"https:\/\/bodegalasarcas.com.ar\/web\/"},{"@type":"ListItem","position":2,"name":"Contacto"}]},{"@type":"WebSite","@id":"https:\/\/bodegalasarcas.com.ar\/web\/#website","url":"https:\/\/bodegalasarcas.com.ar\/web\/","name":"Bodega las Arcas de Tolomb\u00f3n","description":"Vinos Tucumanos con la fuerza Valle Calchaqu\u00ed","publisher":{"@id":"https:\/\/bodegalasarcas.com.ar\/web\/#organization"},"potentialAction":[{"@type":"SearchAction","target":{"@type":"EntryPoint","urlTemplate":"https:\/\/bodegalasarcas.com.ar\/web\/?s={search_term_string}"},"query-input":{"@type":"PropertyValueSpecification","valueRequired":true,"valueName":"search_term_string"}}],"inLanguage":"es"},{"@type":"Organization","@id":"https:\/\/bodegalasarcas.com.ar\/web\/#organization","name":"Bodega las Arcas de Tolomb\u00f3n","url":"https:\/\/bodegalasarcas.com.ar\/web\/","logo":{"@type":"ImageObject","inLanguage":"es","@id":"https:\/\/bodegalasarcas.com.ar\/web\/#\/schema\/logo\/image\/","url":"https:\/\/bodegalasarcas.com.ar\/web\/wp-content\/uploads\/2020\/05\/logo-BLAT-2020.png","contentUrl":"https:\/\/bodegalasarcas.com.ar\/web\/wp-content\/uploads\/2020\/05\/logo-BLAT-2020.png","width":1024,"height":1024,"caption":"Bodega las Arcas de Tolomb\u00f3n"},"image":{"@id":"https:\/\/bodegalasarcas.com.ar\/web\/#\/schema\/logo\/image\/"},"sameAs":["https:\/\/www.facebook.com\/lasarcasdetolombonoficial\/","https:\/\/www.instagram.com\/bodegalasarcas_oficial\/","https:\/\/www.youtube.com\/channel\/UCFZl-FjVRhqERIKARMLo4rw"]}]}},"_links":{"self":[{"href":"https:\/\/bodegalasarcas.com.ar\/web\/wp-json\/wp\/v2\/pages\/28","targetHints":{"allow":["GET"]}}],"collection":[{"href":"https:\/\/bodegalasarcas.com.ar\/web\/wp-json\/wp\/v2\/pages"}],"about":[{"href":"https:\/\/bodegalasarcas.com.ar\/web\/wp-json\/wp\/v2\/types\/page"}],"author":[{"embeddable":true,"href":"https:\/\/bodegalasarcas.com.ar\/web\/wp-json\/wp\/v2\/users\/1"}],"replies":[{"embeddable":true,"href":"https:\/\/bodegalasarcas.com.ar\/web\/wp-json\/wp\/v2\/comments?post=28"}],"version-history":[{"count":51,"href":"https:\/\/bodegalasarcas.com.ar\/web\/wp-json\/wp\/v2\/pages\/28\/revisions"}],"predecessor-version":[{"id":8028,"href":"https:\/\/bodegalasarcas.com.ar\/web\/wp-json\/wp\/v2\/pages\/28\/revisions\/8028"}],"wp:attachment":[{"href":"https:\/\/bodegalasarcas.com.ar\/web\/wp-json\/wp\/v2\/media?parent=28"}],"curies":[{"name":"wp","href":"https:\/\/api.w.org\/{rel}","templated":true}]}}