{"id":7957,"date":"2023-08-16T12:25:30","date_gmt":"2023-08-16T15:25:30","guid":{"rendered":"https:\/\/bodegalasarcas.com.ar\/web\/?page_id=7957"},"modified":"2025-02-03T17:23:16","modified_gmt":"2025-02-03T20:23:16","slug":"vinos-personalizados","status":"publish","type":"page","link":"https:\/\/bodegalasarcas.com.ar\/web\/vinos-personalizados\/","title":{"rendered":"Vinos Personalizados"},"content":{"rendered":"<section class=\"l-section wpb_row height_large color_primary with_img\"><div class=\"l-section-img\" role=\"img\" aria-label=\"Vinos Personalizados\" data-img-width=\"1920\" data-img-height=\"477\" style=\"background-image: url(https:\/\/bodegalasarcas.com.ar\/web\/wp-content\/uploads\/2023\/08\/encabezado-VinosPersonalizados.jpg);\"><\/div><div class=\"l-section-h i-cf\"><div class=\"g-cols vc_row via_flex valign_middle type_default stacking_default\"><div class=\"vc_col-sm-12 wpb_column vc_column_container\"><div class=\"vc_column-inner\"><div class=\"wpb_wrapper\"><h1 class=\"w-post-elm post_title us_custom_2774bef1 align_center entry-title color_link_inherit\">Vinos Personalizados<\/h1><\/div><\/div><\/div><\/div><\/div><\/section><section class=\"l-section wpb_row height_small\"><div class=\"l-section-h i-cf\"><div class=\"g-cols vc_row via_flex valign_top type_default stacking_default\"><div class=\"vc_col-sm-12 wpb_column vc_column_container\"><div class=\"vc_column-inner\"><div class=\"wpb_wrapper\"><div class=\"wpb_text_column\"><div class=\"wpb_wrapper\"><h1 style=\"text-align: center;\">\u00bfTenes un evento, quer\u00e9s realizar un regalo corporativo o prefer\u00eds tener tu propio vino personalizado?<\/h1>\n<\/div><\/div><div class=\"wpb_text_column\"><div class=\"wpb_wrapper\"><p style=\"text-align: center;\">Regala el mejor vino Siete Vacas l\u00ednea origen o l\u00ednea reserva personalizados.<\/p>\n<\/div><\/div><\/div><\/div><\/div><\/div><\/div><\/section><section class=\"l-section wpb_row height_auto\"><div class=\"l-section-h i-cf\"><div class=\"g-cols vc_row via_flex valign_top type_boxes stacking_default\"><div class=\"vc_col-sm-8 wpb_column vc_column_container\"><div class=\"vc_column-inner\"><div class=\"wpb_wrapper\"><div class=\"wpb_text_column\"><div class=\"wpb_wrapper\"><p><strong>Un regalo personalizado es realmente algo especial.<br \/>\n<\/strong><br \/>\nA todos nos gusta recibir de regalo una caja de bombones, un ramo de flores, un buen vino&#8230; ya que es un hermoso gesto.<br \/>\nPero recibir un regalo que sabemos que ha sido cuidadosamente elegido, que lleva grabado su nombre y\/o un mensaje especialmente dedicado, hacen de ese <strong>regalo algo inolvidable.<\/strong><\/p>\n<p>Entre las distintas propuestas que ofrecemos\u00a0est\u00e1 <strong>la opci\u00f3n de su vino personalizado<\/strong>, para instituciones, empresas, personal o acontecimientos especiales.<br \/>\nEs una modalidad para que disfruten de un buen vino y por sobre todo <strong>\u00fanico<\/strong>.<\/p>\n<h5><span style=\"color: #7b323f;\">Un regalo o souvenir especial para cualquier ocasi\u00f3n:<\/span><br \/>\n<span style=\"color: #7b323f;\">Bodas, aniversarios, nacimientos, cumplea\u00f1os, fiestas, eventos, mensajes de amor, agradecimiento, amistad.<\/span><\/h5>\n<p>Detalles y caracter\u00edsticas para tener en cuenta para su vino personalizado:<\/p>\n<ol>\n<li>El dise\u00f1o de la etiqueta corre por su cuenta y debe ajustarse a las siguientes medidas y formato: Etiqueta frontal de 5,5 cm ancho x 15 cm de alto. Archivo en JPG o PDF.<\/li>\n<li>Seleccionar el varietal o varietales de la L\u00ednea Origen o Reserva.<\/li>\n<li>Cantidad m\u00ednima 5 cajas.<\/li>\n<li>Completar el formulario a continuaci\u00f3n para brindarle un presupuesto.<\/li>\n<\/ol>\n<\/div><\/div><\/div><\/div><\/div><div class=\"vc_col-sm-4 wpb_column vc_column_container\"><div class=\"vc_column-inner\"><div class=\"wpb_wrapper\"><div class=\"w-slider style_none fit_scaledown nav_none count_5\"><div class=\"w-slider-h\"><div class=\"royalSlider\"><div class=\"rsContent\"><a class=\"rsImg\" data-rsw=\"600\" data-rsh=\"1200\" href=\"https:\/\/bodegalasarcas.com.ar\/web\/wp-content\/uploads\/2023\/08\/vino_muestras-etiquetas.jpg\"><span data-alt=\"Vinos Siete Vacas con etiquetas de muestra para vinos personalizados.\"><\/span><\/a><\/div><div class=\"rsContent\"><a class=\"rsImg\" data-rsw=\"600\" data-rsh=\"1200\" href=\"https:\/\/bodegalasarcas.com.ar\/web\/wp-content\/uploads\/2023\/09\/vino_muestras-etiquetas_01.jpg\"><span data-alt=\"Vinos Siete Vacas con etiquetas de muestra para vinos personalizados.\"><\/span><\/a><\/div><div class=\"rsContent\"><a class=\"rsImg\" data-rsw=\"600\" data-rsh=\"1200\" href=\"https:\/\/bodegalasarcas.com.ar\/web\/wp-content\/uploads\/2023\/09\/vino_muestras-etiquetas_02.jpg\"><span data-alt=\"Vinos Siete Vacas con etiquetas de muestra para vinos personalizados.\"><\/span><\/a><\/div><div class=\"rsContent\"><a class=\"rsImg\" data-rsw=\"600\" data-rsh=\"1200\" href=\"https:\/\/bodegalasarcas.com.ar\/web\/wp-content\/uploads\/2023\/09\/vino_muestras-etiquetas_03.jpg\"><span data-alt=\"Vinos Siete Vacas con etiquetas de muestra para vinos personalizados.\"><\/span><\/a><\/div><div class=\"rsContent\"><a class=\"rsImg\" data-rsw=\"600\" data-rsh=\"1200\" href=\"https:\/\/bodegalasarcas.com.ar\/web\/wp-content\/uploads\/2023\/09\/vino_muestras-etiquetas_04.jpg\"><span data-alt=\"Vinos Siete Vacas con etiquetas de muestra para vinos personalizados.\"><\/span><\/a><\/div><\/div><img decoding=\"async\" src=\"https:\/\/bodegalasarcas.com.ar\/web\/wp-content\/uploads\/2023\/08\/vino_muestras-etiquetas.jpg\" width=\"600\" height=\"1200\" alt=\"Vinos Siete Vacas con etiquetas de muestra para vinos personalizados.\" loading=\"lazy\"><\/div><div class=\"w-slider-json\" onclick='return {&quot;autoScaleSlider&quot;:true,&quot;addActiveClass&quot;:true,&quot;loop&quot;:true,&quot;fadeInLoadedSlide&quot;:false,&quot;slidesSpacing&quot;:0,&quot;imageScalePadding&quot;:0,&quot;numImagesToPreload&quot;:2,&quot;arrowsNav&quot;:true,&quot;arrowsNavAutoHide&quot;:true,&quot;transitionType&quot;:&quot;move&quot;,&quot;transitionSpeed&quot;:250,&quot;block&quot;:{&quot;moveEffect&quot;:&quot;none&quot;,&quot;speed&quot;:300},&quot;thumbs&quot;:{&quot;fitInViewport&quot;:false,&quot;firstMargin&quot;:false,&quot;spacing&quot;:4},&quot;controlNavigation&quot;:&quot;none&quot;,&quot;autoplay&quot;:{&quot;enabled&quot;:true,&quot;pauseOnHover&quot;:true,&quot;delay&quot;:3000},&quot;autoScaleSliderWidth&quot;:600,&quot;autoScaleSliderHeight&quot;:1200}'><\/div><\/div><\/div><\/div><\/div><\/div><\/div><\/section><section class=\"l-section wpb_row height_auto\"><div class=\"l-section-h i-cf\"><div class=\"g-cols vc_row via_flex valign_top type_default stacking_default\"><div class=\"vc_col-sm-8 wpb_column vc_column_container\"><div class=\"vc_column-inner\"><div class=\"wpb_wrapper\"><div class=\"wpb_text_column\"><div class=\"wpb_wrapper\"><h1 style=\"text-align: center;\"><span style=\"color: #7b323f;\">Su vino personalizado, cada vez mas cerca&#8230;<\/span><\/h1>\n<\/div><\/div><div class=\"w-separator size_small\"><\/div><div class=\"wpb_text_column\"><div class=\"wpb_wrapper\"><h4 style=\"text-align: center;\"><span style=\"color: #7b323f;\">Envianos tu consulta por whatsapp al <a href=\"https:\/\/wa.me\/5493813351240\" target=\"_blank\" rel=\"noopener\">+54 9 381 335-1240<\/a><\/span><\/h4>\n<\/div><\/div><div class=\"wpb_text_column\"><div class=\"wpb_wrapper\"><h4 style=\"text-align: center;\"><span style=\"color: #7b323f;\">o completando el siguiente formulario<\/span><\/h4>\n<\/div><\/div><div class=\"w-separator size_medium\"><\/div><div class=\"wpb_text_column\"><div class=\"wpb_wrapper\">\n<div class=\"wpcf7 no-js\" id=\"wpcf7-f7975-o1\" lang=\"es-ES\" dir=\"ltr\" data-wpcf7-id=\"7975\">\n<div class=\"screen-reader-response\"><p role=\"status\" aria-live=\"polite\" aria-atomic=\"true\"><\/p> <ul><\/ul><\/div>\n<form action=\"\/web\/wp-json\/wp\/v2\/pages\/7957#wpcf7-f7975-o1\" method=\"post\" class=\"wpcf7-form init\" aria-label=\"Formulario de contacto\" novalidate=\"novalidate\" data-status=\"init\">\n<fieldset class=\"hidden-fields-container\"><input type=\"hidden\" name=\"_wpcf7\" value=\"7975\" \/><input type=\"hidden\" name=\"_wpcf7_version\" value=\"6.1.5\" \/><input type=\"hidden\" name=\"_wpcf7_locale\" value=\"es_ES\" \/><input type=\"hidden\" name=\"_wpcf7_unit_tag\" value=\"wpcf7-f7975-o1\" \/><input type=\"hidden\" name=\"_wpcf7_container_post\" value=\"0\" \/><input type=\"hidden\" name=\"_wpcf7_posted_data_hash\" value=\"\" \/><input type=\"hidden\" name=\"_wpcf7_recaptcha_response\" value=\"\" \/>\n<\/fieldset>\n<p><label> Nombre \u00f3 Empresa (requerido)<br \/>\n<span class=\"wpcf7-form-control-wrap\" data-name=\"your-name\"><input size=\"40\" maxlength=\"400\" class=\"wpcf7-form-control wpcf7-text wpcf7-validates-as-required\" aria-required=\"true\" aria-invalid=\"false\" value=\"\" type=\"text\" name=\"your-name\" \/><\/span> <\/label>\n<\/p>\n<p><label> Correo electr\u00f3nico (requerido)<br \/>\n<span class=\"wpcf7-form-control-wrap\" data-name=\"your-email\"><input size=\"40\" maxlength=\"400\" class=\"wpcf7-form-control wpcf7-email wpcf7-validates-as-required wpcf7-text wpcf7-validates-as-email\" aria-required=\"true\" aria-invalid=\"false\" value=\"\" type=\"email\" name=\"your-email\" \/><\/span> <\/label>\n<\/p>\n<p><label> Tel\u00e9fono<br \/>\n<span class=\"wpcf7-form-control-wrap\" data-name=\"Telefono\"><input size=\"40\" maxlength=\"400\" class=\"wpcf7-form-control wpcf7-tel wpcf7-validates-as-required wpcf7-text wpcf7-validates-as-tel\" aria-required=\"true\" aria-invalid=\"false\" value=\"\" type=\"tel\" name=\"Telefono\" \/><\/span> <\/label>\n<\/p>\n<p><label> Localidad<br \/>\n<span class=\"wpcf7-form-control-wrap\" data-name=\"Localidad\"><input size=\"40\" maxlength=\"400\" class=\"wpcf7-form-control wpcf7-text wpcf7-validates-as-required\" aria-required=\"true\" aria-invalid=\"false\" value=\"\" type=\"text\" name=\"Localidad\" \/><\/span> <\/label>\n<\/p>\n<p><label> Provincia (requerido)<br \/>\n<span class=\"wpcf7-form-control-wrap\" data-name=\"Provincia\"><select class=\"wpcf7-form-control wpcf7-select wpcf7-validates-as-required\" aria-required=\"true\" aria-invalid=\"false\" name=\"Provincia\"><option value=\"Buenos Aires\">Buenos Aires<\/option><option value=\"Ciudad Aut\u00f3noma de Buenos Aires\">Ciudad Aut\u00f3noma de Buenos Aires<\/option><option value=\"Catamarca\">Catamarca<\/option><option value=\"C\u00f3rdoba\">C\u00f3rdoba<\/option><option value=\"Corrientes\">Corrientes<\/option><option value=\"Chaco\">Chaco<\/option><option value=\"Chubut\">Chubut<\/option><option value=\"Entre R\u00edos\">Entre R\u00edos<\/option><option value=\"Formosa\">Formosa<\/option><option value=\"Jujuy\">Jujuy<\/option><option value=\"La Pampa\">La Pampa<\/option><option value=\"La Rioja\">La Rioja<\/option><option value=\"Mendoza\">Mendoza<\/option><option value=\"Misiones\">Misiones<\/option><option value=\"Neuqu\u00e9n\">Neuqu\u00e9n<\/option><option value=\"R\u00edo Negro\">R\u00edo Negro<\/option><option value=\"Salta\">Salta<\/option><option value=\"San Juan\">San Juan<\/option><option value=\"San Luis\">San Luis<\/option><option value=\"Santa Cruz\">Santa Cruz<\/option><option value=\"Santa F\u00e9\">Santa F\u00e9<\/option><option value=\"Santiago del Estero\">Santiago del Estero<\/option><option value=\"Tierra del Fuego\">Tierra del Fuego<\/option><option value=\"Tucum\u00e1n\">Tucum\u00e1n<\/option><\/select><\/span> <\/label>\n<\/p>\n<p><label> Mensaje<br \/>\n<span class=\"wpcf7-form-control-wrap\" data-name=\"your-message\"><textarea cols=\"40\" rows=\"10\" maxlength=\"2000\" class=\"wpcf7-form-control wpcf7-textarea\" aria-invalid=\"false\" name=\"your-message\"><\/textarea><\/span> <\/label>\n<\/p>\n<p><input class=\"wpcf7-form-control wpcf7-submit has-spinner\" type=\"submit\" value=\"Enviar\" \/>\n<\/p><p style=\"display: none !important;\" class=\"akismet-fields-container\" data-prefix=\"_wpcf7_ak_\"><label>&#916;<textarea name=\"_wpcf7_ak_hp_textarea\" cols=\"45\" rows=\"8\" maxlength=\"100\"><\/textarea><\/label><input type=\"hidden\" id=\"ak_js_1\" name=\"_wpcf7_ak_js\" value=\"63\"\/><script>\ndocument.getElementById( \"ak_js_1\" ).setAttribute( \"value\", ( new Date() ).getTime() );\n<\/script>\n<\/p><div class=\"wpcf7-response-output\" aria-hidden=\"true\"><\/div>\n<\/form>\n<\/div>\n\n<\/div><\/div><\/div><\/div><\/div><div class=\"vc_col-sm-4 wpb_column vc_column_container\"><div class=\"vc_column-inner\"><div class=\"wpb_wrapper\"><div class=\"w-slider style_none fit_scaledown nav_none count_2\"><div class=\"w-slider-h\"><div class=\"royalSlider\"><div class=\"rsContent\"><a class=\"rsImg\" data-rsw=\"600\" data-rsh=\"1200\" href=\"https:\/\/bodegalasarcas.com.ar\/web\/wp-content\/uploads\/2023\/09\/vino_muestras-etiquetas_05.jpg\"><span data-alt=\"Vinos Siete Vacas con etiquetas de muestra para vinos personalizados.\"><\/span><\/a><\/div><div class=\"rsContent\"><a class=\"rsImg\" data-rsw=\"600\" data-rsh=\"1200\" href=\"https:\/\/bodegalasarcas.com.ar\/web\/wp-content\/uploads\/2023\/09\/vino_muestras-etiquetas_06.jpg\"><span data-alt=\"Vinos Siete Vacas con etiquetas de muestra para vinos personalizados.\"><\/span><\/a><\/div><\/div><img decoding=\"async\" src=\"https:\/\/bodegalasarcas.com.ar\/web\/wp-content\/uploads\/2023\/09\/vino_muestras-etiquetas_05.jpg\" width=\"600\" height=\"1200\" alt=\"Vinos Siete Vacas con etiquetas de muestra para vinos personalizados.\" loading=\"lazy\"><\/div><div class=\"w-slider-json\" onclick='return {&quot;autoScaleSlider&quot;:true,&quot;addActiveClass&quot;:true,&quot;loop&quot;:true,&quot;fadeInLoadedSlide&quot;:false,&quot;slidesSpacing&quot;:0,&quot;imageScalePadding&quot;:0,&quot;numImagesToPreload&quot;:2,&quot;arrowsNav&quot;:true,&quot;arrowsNavAutoHide&quot;:true,&quot;transitionType&quot;:&quot;fade&quot;,&quot;transitionSpeed&quot;:250,&quot;block&quot;:{&quot;moveEffect&quot;:&quot;none&quot;,&quot;speed&quot;:300},&quot;thumbs&quot;:{&quot;fitInViewport&quot;:false,&quot;firstMargin&quot;:false,&quot;spacing&quot;:4},&quot;controlNavigation&quot;:&quot;none&quot;,&quot;autoplay&quot;:{&quot;enabled&quot;:true,&quot;pauseOnHover&quot;:true,&quot;delay&quot;:3000},&quot;autoScaleSliderWidth&quot;:600,&quot;autoScaleSliderHeight&quot;:1200}'><\/div><\/div><\/div><\/div><\/div><\/div><\/div><\/section>\n","protected":false},"excerpt":{"rendered":"Vinos Personalizados\u00bfTenes un evento, quer\u00e9s realizar un regalo corporativo o prefer\u00eds tener tu propio vino personalizado? Regala el mejor vino Siete Vacas l\u00ednea origen o l\u00ednea reserva personalizados. Un regalo personalizado es realmente algo especial. A todos nos gusta recibir de regalo una caja de bombones, un ramo de flores, un buen vino&#8230; ya que...","protected":false},"author":5,"featured_media":0,"parent":0,"menu_order":0,"comment_status":"closed","ping_status":"closed","template":"","meta":{"_joinchat":[],"footnotes":""},"class_list":["post-7957","page","type-page","status-publish","hentry"],"yoast_head":"<!-- This site is optimized with the Yoast SEO plugin v27.4 - https:\/\/yoast.com\/product\/yoast-seo-wordpress\/ -->\n<title>Vinos Personalizados | Bodega las Arcas de Tolomb\u00f3n<\/title>\n<meta name=\"robots\" content=\"index, follow, max-snippet:-1, max-image-preview:large, max-video-preview:-1\" \/>\n<link rel=\"canonical\" href=\"https:\/\/bodegalasarcas.com.ar\/web\/vinos-personalizados\/\" \/>\n<meta property=\"og:locale\" content=\"es_ES\" \/>\n<meta property=\"og:type\" content=\"article\" \/>\n<meta property=\"og:title\" content=\"Vinos Personalizados | Bodega las Arcas de Tolomb\u00f3n\" \/>\n<meta property=\"og:url\" content=\"https:\/\/bodegalasarcas.com.ar\/web\/vinos-personalizados\/\" \/>\n<meta property=\"og:site_name\" content=\"Bodega las Arcas de Tolomb\u00f3n\" \/>\n<meta property=\"article:publisher\" content=\"https:\/\/www.facebook.com\/lasarcasdetolombonoficial\/\" \/>\n<meta property=\"article:modified_time\" content=\"2025-02-03T20:23:16+00:00\" \/>\n<meta name=\"twitter:card\" content=\"summary_large_image\" \/>\n<meta name=\"twitter:label1\" content=\"Tiempo de lectura\" \/>\n\t<meta name=\"twitter:data1\" content=\"2 minutos\" \/>\n<script type=\"application\/ld+json\" class=\"yoast-schema-graph\">{\"@context\":\"https:\\\/\\\/schema.org\",\"@graph\":[{\"@type\":\"WebPage\",\"@id\":\"https:\\\/\\\/bodegalasarcas.com.ar\\\/web\\\/vinos-personalizados\\\/\",\"url\":\"https:\\\/\\\/bodegalasarcas.com.ar\\\/web\\\/vinos-personalizados\\\/\",\"name\":\"Vinos Personalizados | Bodega las Arcas de Tolomb\u00f3n\",\"isPartOf\":{\"@id\":\"https:\\\/\\\/bodegalasarcas.com.ar\\\/web\\\/#website\"},\"datePublished\":\"2023-08-16T15:25:30+00:00\",\"dateModified\":\"2025-02-03T20:23:16+00:00\",\"breadcrumb\":{\"@id\":\"https:\\\/\\\/bodegalasarcas.com.ar\\\/web\\\/vinos-personalizados\\\/#breadcrumb\"},\"inLanguage\":\"es\",\"potentialAction\":[{\"@type\":\"ReadAction\",\"target\":[\"https:\\\/\\\/bodegalasarcas.com.ar\\\/web\\\/vinos-personalizados\\\/\"]}]},{\"@type\":\"BreadcrumbList\",\"@id\":\"https:\\\/\\\/bodegalasarcas.com.ar\\\/web\\\/vinos-personalizados\\\/#breadcrumb\",\"itemListElement\":[{\"@type\":\"ListItem\",\"position\":1,\"name\":\"Portada\",\"item\":\"https:\\\/\\\/bodegalasarcas.com.ar\\\/web\\\/\"},{\"@type\":\"ListItem\",\"position\":2,\"name\":\"Vinos Personalizados\"}]},{\"@type\":\"WebSite\",\"@id\":\"https:\\\/\\\/bodegalasarcas.com.ar\\\/web\\\/#website\",\"url\":\"https:\\\/\\\/bodegalasarcas.com.ar\\\/web\\\/\",\"name\":\"Bodega las Arcas de Tolomb\u00f3n\",\"description\":\"Vinos Tucumanos con la fuerza Valle Calchaqu\u00ed\",\"publisher\":{\"@id\":\"https:\\\/\\\/bodegalasarcas.com.ar\\\/web\\\/#organization\"},\"potentialAction\":[{\"@type\":\"SearchAction\",\"target\":{\"@type\":\"EntryPoint\",\"urlTemplate\":\"https:\\\/\\\/bodegalasarcas.com.ar\\\/web\\\/?s={search_term_string}\"},\"query-input\":{\"@type\":\"PropertyValueSpecification\",\"valueRequired\":true,\"valueName\":\"search_term_string\"}}],\"inLanguage\":\"es\"},{\"@type\":\"Organization\",\"@id\":\"https:\\\/\\\/bodegalasarcas.com.ar\\\/web\\\/#organization\",\"name\":\"Bodega las Arcas de Tolomb\u00f3n\",\"url\":\"https:\\\/\\\/bodegalasarcas.com.ar\\\/web\\\/\",\"logo\":{\"@type\":\"ImageObject\",\"inLanguage\":\"es\",\"@id\":\"https:\\\/\\\/bodegalasarcas.com.ar\\\/web\\\/#\\\/schema\\\/logo\\\/image\\\/\",\"url\":\"https:\\\/\\\/bodegalasarcas.com.ar\\\/web\\\/wp-content\\\/uploads\\\/2020\\\/05\\\/logo-BLAT-2020.png\",\"contentUrl\":\"https:\\\/\\\/bodegalasarcas.com.ar\\\/web\\\/wp-content\\\/uploads\\\/2020\\\/05\\\/logo-BLAT-2020.png\",\"width\":1024,\"height\":1024,\"caption\":\"Bodega las Arcas de Tolomb\u00f3n\"},\"image\":{\"@id\":\"https:\\\/\\\/bodegalasarcas.com.ar\\\/web\\\/#\\\/schema\\\/logo\\\/image\\\/\"},\"sameAs\":[\"https:\\\/\\\/www.facebook.com\\\/lasarcasdetolombonoficial\\\/\",\"https:\\\/\\\/www.instagram.com\\\/bodegalasarcas_oficial\\\/\",\"https:\\\/\\\/www.youtube.com\\\/channel\\\/UCFZl-FjVRhqERIKARMLo4rw\"]}]}<\/script>\n<!-- \/ Yoast SEO plugin. -->","yoast_head_json":{"title":"Vinos Personalizados | Bodega las Arcas de Tolomb\u00f3n","robots":{"index":"index","follow":"follow","max-snippet":"max-snippet:-1","max-image-preview":"max-image-preview:large","max-video-preview":"max-video-preview:-1"},"canonical":"https:\/\/bodegalasarcas.com.ar\/web\/vinos-personalizados\/","og_locale":"es_ES","og_type":"article","og_title":"Vinos Personalizados | Bodega las Arcas de Tolomb\u00f3n","og_url":"https:\/\/bodegalasarcas.com.ar\/web\/vinos-personalizados\/","og_site_name":"Bodega las Arcas de Tolomb\u00f3n","article_publisher":"https:\/\/www.facebook.com\/lasarcasdetolombonoficial\/","article_modified_time":"2025-02-03T20:23:16+00:00","twitter_card":"summary_large_image","twitter_misc":{"Tiempo de lectura":"2 minutos"},"schema":{"@context":"https:\/\/schema.org","@graph":[{"@type":"WebPage","@id":"https:\/\/bodegalasarcas.com.ar\/web\/vinos-personalizados\/","url":"https:\/\/bodegalasarcas.com.ar\/web\/vinos-personalizados\/","name":"Vinos Personalizados | Bodega las Arcas de Tolomb\u00f3n","isPartOf":{"@id":"https:\/\/bodegalasarcas.com.ar\/web\/#website"},"datePublished":"2023-08-16T15:25:30+00:00","dateModified":"2025-02-03T20:23:16+00:00","breadcrumb":{"@id":"https:\/\/bodegalasarcas.com.ar\/web\/vinos-personalizados\/#breadcrumb"},"inLanguage":"es","potentialAction":[{"@type":"ReadAction","target":["https:\/\/bodegalasarcas.com.ar\/web\/vinos-personalizados\/"]}]},{"@type":"BreadcrumbList","@id":"https:\/\/bodegalasarcas.com.ar\/web\/vinos-personalizados\/#breadcrumb","itemListElement":[{"@type":"ListItem","position":1,"name":"Portada","item":"https:\/\/bodegalasarcas.com.ar\/web\/"},{"@type":"ListItem","position":2,"name":"Vinos Personalizados"}]},{"@type":"WebSite","@id":"https:\/\/bodegalasarcas.com.ar\/web\/#website","url":"https:\/\/bodegalasarcas.com.ar\/web\/","name":"Bodega las Arcas de Tolomb\u00f3n","description":"Vinos Tucumanos con la fuerza Valle Calchaqu\u00ed","publisher":{"@id":"https:\/\/bodegalasarcas.com.ar\/web\/#organization"},"potentialAction":[{"@type":"SearchAction","target":{"@type":"EntryPoint","urlTemplate":"https:\/\/bodegalasarcas.com.ar\/web\/?s={search_term_string}"},"query-input":{"@type":"PropertyValueSpecification","valueRequired":true,"valueName":"search_term_string"}}],"inLanguage":"es"},{"@type":"Organization","@id":"https:\/\/bodegalasarcas.com.ar\/web\/#organization","name":"Bodega las Arcas de Tolomb\u00f3n","url":"https:\/\/bodegalasarcas.com.ar\/web\/","logo":{"@type":"ImageObject","inLanguage":"es","@id":"https:\/\/bodegalasarcas.com.ar\/web\/#\/schema\/logo\/image\/","url":"https:\/\/bodegalasarcas.com.ar\/web\/wp-content\/uploads\/2020\/05\/logo-BLAT-2020.png","contentUrl":"https:\/\/bodegalasarcas.com.ar\/web\/wp-content\/uploads\/2020\/05\/logo-BLAT-2020.png","width":1024,"height":1024,"caption":"Bodega las Arcas de Tolomb\u00f3n"},"image":{"@id":"https:\/\/bodegalasarcas.com.ar\/web\/#\/schema\/logo\/image\/"},"sameAs":["https:\/\/www.facebook.com\/lasarcasdetolombonoficial\/","https:\/\/www.instagram.com\/bodegalasarcas_oficial\/","https:\/\/www.youtube.com\/channel\/UCFZl-FjVRhqERIKARMLo4rw"]}]}},"_links":{"self":[{"href":"https:\/\/bodegalasarcas.com.ar\/web\/wp-json\/wp\/v2\/pages\/7957","targetHints":{"allow":["GET"]}}],"collection":[{"href":"https:\/\/bodegalasarcas.com.ar\/web\/wp-json\/wp\/v2\/pages"}],"about":[{"href":"https:\/\/bodegalasarcas.com.ar\/web\/wp-json\/wp\/v2\/types\/page"}],"author":[{"embeddable":true,"href":"https:\/\/bodegalasarcas.com.ar\/web\/wp-json\/wp\/v2\/users\/5"}],"replies":[{"embeddable":true,"href":"https:\/\/bodegalasarcas.com.ar\/web\/wp-json\/wp\/v2\/comments?post=7957"}],"version-history":[{"count":33,"href":"https:\/\/bodegalasarcas.com.ar\/web\/wp-json\/wp\/v2\/pages\/7957\/revisions"}],"predecessor-version":[{"id":8262,"href":"https:\/\/bodegalasarcas.com.ar\/web\/wp-json\/wp\/v2\/pages\/7957\/revisions\/8262"}],"wp:attachment":[{"href":"https:\/\/bodegalasarcas.com.ar\/web\/wp-json\/wp\/v2\/media?parent=7957"}],"curies":[{"name":"wp","href":"https:\/\/api.w.org\/{rel}","templated":true}]}}