{"id":7460,"date":"2020-04-28T16:03:47","date_gmt":"2020-04-28T19:03:47","guid":{"rendered":"https:\/\/bodegalasarcas.com.ar\/web\/?post_type=product&#038;p=7460"},"modified":"2026-02-23T09:31:28","modified_gmt":"2026-02-23T12:31:28","slug":"siete-vacas-torrontes-rose","status":"publish","type":"product","link":"https:\/\/bodegalasarcas.com.ar\/web\/producto\/siete-vacas-torrontes-rose\/","title":{"rendered":"Siete Vacas Torrontes  Ros\u00e9"},"content":{"rendered":"<section class=\"l-section wpb_row height_medium\"><div class=\"l-section-h i-cf\"><div class=\"g-cols vc_row via_flex valign_top type_default stacking_default\"><div class=\"vc_col-sm-12 wpb_column vc_column_container\"><div class=\"vc_column-inner\"><div class=\"wpb_wrapper\"><div class=\"wpb_text_column\"><div class=\"wpb_wrapper\"><p><strong>Variedad (cepa) :<\/strong> Torront\u00e9s Ros\u00e9<\/p>\n<p><span style=\"color: #800080;\"><strong>Vinos del Valle Calchaqu\u00ed<\/strong><\/span><\/p>\n<p><strong>Cosecha (a\u00f1o) :<\/strong> 2022<\/p>\n<p><strong>Nota de Cata:<\/strong> Atractivo color salm\u00f3n, l\u00edmpido, transparente y brilante. En nariz es una combinaci\u00f3n de aromas c\u00edtricos con frutas de carozo, durazno blanco, c\u00e1scara de naranja, leve especiado, fresco y elegante. En boca es de entrada dulce, suave, agradable, fresco, de buena acidez, sabroso. Servir a 9\u00baC. Guarda de 2 A\u00f1os.<\/p>\n<\/div><\/div><\/div><\/div><\/div><\/div><\/div><\/section>\n","protected":false},"excerpt":{"rendered":"<p>Torront\u00e9s Ros\u00e9 &#8211; 2022<\/p>\n","protected":false},"featured_media":7832,"comment_status":"closed","ping_status":"closed","template":"","meta":{"_joinchat":[]},"product_brand":[],"product_cat":[49],"product_tag":[],"class_list":{"0":"post-7460","1":"product","2":"type-product","3":"status-publish","4":"has-post-thumbnail","6":"product_cat-origen","8":"first","9":"instock","10":"taxable","11":"shipping-taxable","12":"purchasable","13":"product-type-simple"},"yoast_head":"<!-- This site is optimized with the Yoast SEO plugin v27.3 - https:\/\/yoast.com\/product\/yoast-seo-wordpress\/ -->\n<title>Tienda | Siete Vacas Torront\u00e9s Tard\u00edo | Bodega Las Arcas de Tolomb\u00f3n<\/title>\n<meta name=\"description\" content=\"Compr\u00e1 directo de Bodega nuestro vino Siete Vacas Torront\u00e9s Ros\u00e9, vino j\u00f3ven sin paso por barrica. Vinos del Tucum\u00e1n.\" \/>\n<meta name=\"robots\" content=\"index, follow, max-snippet:-1, max-image-preview:large, max-video-preview:-1\" \/>\n<link rel=\"canonical\" href=\"https:\/\/bodegalasarcas.com.ar\/web\/producto\/siete-vacas-torrontes-rose\/\" \/>\n<meta property=\"og:locale\" content=\"es_ES\" \/>\n<meta property=\"og:type\" content=\"article\" \/>\n<meta property=\"og:title\" content=\"Tienda | Siete Vacas Torront\u00e9s Tard\u00edo | Bodega Las Arcas de Tolomb\u00f3n\" \/>\n<meta property=\"og:description\" content=\"Compr\u00e1 directo de Bodega nuestro vino Siete Vacas Torront\u00e9s Ros\u00e9, vino j\u00f3ven sin paso por barrica. Vinos del Tucum\u00e1n.\" \/>\n<meta property=\"og:url\" content=\"https:\/\/bodegalasarcas.com.ar\/web\/producto\/siete-vacas-torrontes-rose\/\" \/>\n<meta property=\"og:site_name\" content=\"Bodega las Arcas de Tolomb\u00f3n\" \/>\n<meta property=\"article:publisher\" content=\"https:\/\/www.facebook.com\/lasarcasdetolombonoficial\/\" \/>\n<meta property=\"article:modified_time\" content=\"2026-02-23T12:31:28+00:00\" \/>\n<meta property=\"og:image\" content=\"https:\/\/bodegalasarcas.com.ar\/web\/wp-content\/uploads\/2020\/04\/T_blat_11_TorrontesRose-2022.jpg\" \/>\n\t<meta property=\"og:image:width\" content=\"1500\" \/>\n\t<meta property=\"og:image:height\" content=\"2070\" \/>\n\t<meta property=\"og:image:type\" content=\"image\/jpeg\" \/>\n<meta name=\"twitter:card\" content=\"summary_large_image\" \/>\n<meta name=\"twitter:label1\" content=\"Tiempo de lectura\" \/>\n\t<meta name=\"twitter:data1\" content=\"1 minuto\" \/>\n<script type=\"application\/ld+json\" class=\"yoast-schema-graph\">{\"@context\":\"https:\\\/\\\/schema.org\",\"@graph\":[{\"@type\":\"WebPage\",\"@id\":\"https:\\\/\\\/bodegalasarcas.com.ar\\\/web\\\/producto\\\/siete-vacas-torrontes-rose\\\/\",\"url\":\"https:\\\/\\\/bodegalasarcas.com.ar\\\/web\\\/producto\\\/siete-vacas-torrontes-rose\\\/\",\"name\":\"Tienda | Siete Vacas Torront\u00e9s Tard\u00edo | Bodega Las Arcas de Tolomb\u00f3n\",\"isPartOf\":{\"@id\":\"https:\\\/\\\/bodegalasarcas.com.ar\\\/web\\\/#website\"},\"primaryImageOfPage\":{\"@id\":\"https:\\\/\\\/bodegalasarcas.com.ar\\\/web\\\/producto\\\/siete-vacas-torrontes-rose\\\/#primaryimage\"},\"image\":{\"@id\":\"https:\\\/\\\/bodegalasarcas.com.ar\\\/web\\\/producto\\\/siete-vacas-torrontes-rose\\\/#primaryimage\"},\"thumbnailUrl\":\"https:\\\/\\\/bodegalasarcas.com.ar\\\/web\\\/wp-content\\\/uploads\\\/2020\\\/04\\\/T_blat_11_TorrontesRose-2022.jpg\",\"datePublished\":\"2020-04-28T19:03:47+00:00\",\"dateModified\":\"2026-02-23T12:31:28+00:00\",\"description\":\"Compr\u00e1 directo de Bodega nuestro vino Siete Vacas Torront\u00e9s Ros\u00e9, vino j\u00f3ven sin paso por barrica. Vinos del Tucum\u00e1n.\",\"breadcrumb\":{\"@id\":\"https:\\\/\\\/bodegalasarcas.com.ar\\\/web\\\/producto\\\/siete-vacas-torrontes-rose\\\/#breadcrumb\"},\"inLanguage\":\"es\",\"potentialAction\":[{\"@type\":\"ReadAction\",\"target\":[\"https:\\\/\\\/bodegalasarcas.com.ar\\\/web\\\/producto\\\/siete-vacas-torrontes-rose\\\/\"]}]},{\"@type\":\"ImageObject\",\"inLanguage\":\"es\",\"@id\":\"https:\\\/\\\/bodegalasarcas.com.ar\\\/web\\\/producto\\\/siete-vacas-torrontes-rose\\\/#primaryimage\",\"url\":\"https:\\\/\\\/bodegalasarcas.com.ar\\\/web\\\/wp-content\\\/uploads\\\/2020\\\/04\\\/T_blat_11_TorrontesRose-2022.jpg\",\"contentUrl\":\"https:\\\/\\\/bodegalasarcas.com.ar\\\/web\\\/wp-content\\\/uploads\\\/2020\\\/04\\\/T_blat_11_TorrontesRose-2022.jpg\",\"width\":1500,\"height\":2070},{\"@type\":\"BreadcrumbList\",\"@id\":\"https:\\\/\\\/bodegalasarcas.com.ar\\\/web\\\/producto\\\/siete-vacas-torrontes-rose\\\/#breadcrumb\",\"itemListElement\":[{\"@type\":\"ListItem\",\"position\":1,\"name\":\"Portada\",\"item\":\"https:\\\/\\\/bodegalasarcas.com.ar\\\/web\\\/\"},{\"@type\":\"ListItem\",\"position\":2,\"name\":\"TiendaBLAT\",\"item\":\"https:\\\/\\\/bodegalasarcas.com.ar\\\/web\\\/tienda\\\/\"},{\"@type\":\"ListItem\",\"position\":3,\"name\":\"Siete Vacas Torrontes Ros\u00e9\"}]},{\"@type\":\"WebSite\",\"@id\":\"https:\\\/\\\/bodegalasarcas.com.ar\\\/web\\\/#website\",\"url\":\"https:\\\/\\\/bodegalasarcas.com.ar\\\/web\\\/\",\"name\":\"Bodega las Arcas de Tolomb\u00f3n\",\"description\":\"Vinos Tucumanos con la fuerza Valle Calchaqu\u00ed\",\"publisher\":{\"@id\":\"https:\\\/\\\/bodegalasarcas.com.ar\\\/web\\\/#organization\"},\"potentialAction\":[{\"@type\":\"SearchAction\",\"target\":{\"@type\":\"EntryPoint\",\"urlTemplate\":\"https:\\\/\\\/bodegalasarcas.com.ar\\\/web\\\/?s={search_term_string}\"},\"query-input\":{\"@type\":\"PropertyValueSpecification\",\"valueRequired\":true,\"valueName\":\"search_term_string\"}}],\"inLanguage\":\"es\"},{\"@type\":\"Organization\",\"@id\":\"https:\\\/\\\/bodegalasarcas.com.ar\\\/web\\\/#organization\",\"name\":\"Bodega las Arcas de Tolomb\u00f3n\",\"url\":\"https:\\\/\\\/bodegalasarcas.com.ar\\\/web\\\/\",\"logo\":{\"@type\":\"ImageObject\",\"inLanguage\":\"es\",\"@id\":\"https:\\\/\\\/bodegalasarcas.com.ar\\\/web\\\/#\\\/schema\\\/logo\\\/image\\\/\",\"url\":\"https:\\\/\\\/bodegalasarcas.com.ar\\\/web\\\/wp-content\\\/uploads\\\/2020\\\/05\\\/logo-BLAT-2020.png\",\"contentUrl\":\"https:\\\/\\\/bodegalasarcas.com.ar\\\/web\\\/wp-content\\\/uploads\\\/2020\\\/05\\\/logo-BLAT-2020.png\",\"width\":1024,\"height\":1024,\"caption\":\"Bodega las Arcas de Tolomb\u00f3n\"},\"image\":{\"@id\":\"https:\\\/\\\/bodegalasarcas.com.ar\\\/web\\\/#\\\/schema\\\/logo\\\/image\\\/\"},\"sameAs\":[\"https:\\\/\\\/www.facebook.com\\\/lasarcasdetolombonoficial\\\/\",\"https:\\\/\\\/www.instagram.com\\\/bodegalasarcas_oficial\\\/\",\"https:\\\/\\\/www.youtube.com\\\/channel\\\/UCFZl-FjVRhqERIKARMLo4rw\"]}]}<\/script>\n<!-- \/ Yoast SEO plugin. -->","yoast_head_json":{"title":"Tienda | Siete Vacas Torront\u00e9s Tard\u00edo | Bodega Las Arcas de Tolomb\u00f3n","description":"Compr\u00e1 directo de Bodega nuestro vino Siete Vacas Torront\u00e9s Ros\u00e9, vino j\u00f3ven sin paso por barrica. Vinos del Tucum\u00e1n.","robots":{"index":"index","follow":"follow","max-snippet":"max-snippet:-1","max-image-preview":"max-image-preview:large","max-video-preview":"max-video-preview:-1"},"canonical":"https:\/\/bodegalasarcas.com.ar\/web\/producto\/siete-vacas-torrontes-rose\/","og_locale":"es_ES","og_type":"article","og_title":"Tienda | Siete Vacas Torront\u00e9s Tard\u00edo | Bodega Las Arcas de Tolomb\u00f3n","og_description":"Compr\u00e1 directo de Bodega nuestro vino Siete Vacas Torront\u00e9s Ros\u00e9, vino j\u00f3ven sin paso por barrica. Vinos del Tucum\u00e1n.","og_url":"https:\/\/bodegalasarcas.com.ar\/web\/producto\/siete-vacas-torrontes-rose\/","og_site_name":"Bodega las Arcas de Tolomb\u00f3n","article_publisher":"https:\/\/www.facebook.com\/lasarcasdetolombonoficial\/","article_modified_time":"2026-02-23T12:31:28+00:00","og_image":[{"width":1500,"height":2070,"url":"https:\/\/bodegalasarcas.com.ar\/web\/wp-content\/uploads\/2020\/04\/T_blat_11_TorrontesRose-2022.jpg","type":"image\/jpeg"}],"twitter_card":"summary_large_image","twitter_misc":{"Tiempo de lectura":"1 minuto"},"schema":{"@context":"https:\/\/schema.org","@graph":[{"@type":"WebPage","@id":"https:\/\/bodegalasarcas.com.ar\/web\/producto\/siete-vacas-torrontes-rose\/","url":"https:\/\/bodegalasarcas.com.ar\/web\/producto\/siete-vacas-torrontes-rose\/","name":"Tienda | Siete Vacas Torront\u00e9s Tard\u00edo | Bodega Las Arcas de Tolomb\u00f3n","isPartOf":{"@id":"https:\/\/bodegalasarcas.com.ar\/web\/#website"},"primaryImageOfPage":{"@id":"https:\/\/bodegalasarcas.com.ar\/web\/producto\/siete-vacas-torrontes-rose\/#primaryimage"},"image":{"@id":"https:\/\/bodegalasarcas.com.ar\/web\/producto\/siete-vacas-torrontes-rose\/#primaryimage"},"thumbnailUrl":"https:\/\/bodegalasarcas.com.ar\/web\/wp-content\/uploads\/2020\/04\/T_blat_11_TorrontesRose-2022.jpg","datePublished":"2020-04-28T19:03:47+00:00","dateModified":"2026-02-23T12:31:28+00:00","description":"Compr\u00e1 directo de Bodega nuestro vino Siete Vacas Torront\u00e9s Ros\u00e9, vino j\u00f3ven sin paso por barrica. Vinos del Tucum\u00e1n.","breadcrumb":{"@id":"https:\/\/bodegalasarcas.com.ar\/web\/producto\/siete-vacas-torrontes-rose\/#breadcrumb"},"inLanguage":"es","potentialAction":[{"@type":"ReadAction","target":["https:\/\/bodegalasarcas.com.ar\/web\/producto\/siete-vacas-torrontes-rose\/"]}]},{"@type":"ImageObject","inLanguage":"es","@id":"https:\/\/bodegalasarcas.com.ar\/web\/producto\/siete-vacas-torrontes-rose\/#primaryimage","url":"https:\/\/bodegalasarcas.com.ar\/web\/wp-content\/uploads\/2020\/04\/T_blat_11_TorrontesRose-2022.jpg","contentUrl":"https:\/\/bodegalasarcas.com.ar\/web\/wp-content\/uploads\/2020\/04\/T_blat_11_TorrontesRose-2022.jpg","width":1500,"height":2070},{"@type":"BreadcrumbList","@id":"https:\/\/bodegalasarcas.com.ar\/web\/producto\/siete-vacas-torrontes-rose\/#breadcrumb","itemListElement":[{"@type":"ListItem","position":1,"name":"Portada","item":"https:\/\/bodegalasarcas.com.ar\/web\/"},{"@type":"ListItem","position":2,"name":"TiendaBLAT","item":"https:\/\/bodegalasarcas.com.ar\/web\/tienda\/"},{"@type":"ListItem","position":3,"name":"Siete Vacas Torrontes Ros\u00e9"}]},{"@type":"WebSite","@id":"https:\/\/bodegalasarcas.com.ar\/web\/#website","url":"https:\/\/bodegalasarcas.com.ar\/web\/","name":"Bodega las Arcas de Tolomb\u00f3n","description":"Vinos Tucumanos con la fuerza Valle Calchaqu\u00ed","publisher":{"@id":"https:\/\/bodegalasarcas.com.ar\/web\/#organization"},"potentialAction":[{"@type":"SearchAction","target":{"@type":"EntryPoint","urlTemplate":"https:\/\/bodegalasarcas.com.ar\/web\/?s={search_term_string}"},"query-input":{"@type":"PropertyValueSpecification","valueRequired":true,"valueName":"search_term_string"}}],"inLanguage":"es"},{"@type":"Organization","@id":"https:\/\/bodegalasarcas.com.ar\/web\/#organization","name":"Bodega las Arcas de Tolomb\u00f3n","url":"https:\/\/bodegalasarcas.com.ar\/web\/","logo":{"@type":"ImageObject","inLanguage":"es","@id":"https:\/\/bodegalasarcas.com.ar\/web\/#\/schema\/logo\/image\/","url":"https:\/\/bodegalasarcas.com.ar\/web\/wp-content\/uploads\/2020\/05\/logo-BLAT-2020.png","contentUrl":"https:\/\/bodegalasarcas.com.ar\/web\/wp-content\/uploads\/2020\/05\/logo-BLAT-2020.png","width":1024,"height":1024,"caption":"Bodega las Arcas de Tolomb\u00f3n"},"image":{"@id":"https:\/\/bodegalasarcas.com.ar\/web\/#\/schema\/logo\/image\/"},"sameAs":["https:\/\/www.facebook.com\/lasarcasdetolombonoficial\/","https:\/\/www.instagram.com\/bodegalasarcas_oficial\/","https:\/\/www.youtube.com\/channel\/UCFZl-FjVRhqERIKARMLo4rw"]}]}},"_links":{"self":[{"href":"https:\/\/bodegalasarcas.com.ar\/web\/wp-json\/wp\/v2\/product\/7460","targetHints":{"allow":["GET"]}}],"collection":[{"href":"https:\/\/bodegalasarcas.com.ar\/web\/wp-json\/wp\/v2\/product"}],"about":[{"href":"https:\/\/bodegalasarcas.com.ar\/web\/wp-json\/wp\/v2\/types\/product"}],"replies":[{"embeddable":true,"href":"https:\/\/bodegalasarcas.com.ar\/web\/wp-json\/wp\/v2\/comments?post=7460"}],"wp:featuredmedia":[{"embeddable":true,"href":"https:\/\/bodegalasarcas.com.ar\/web\/wp-json\/wp\/v2\/media\/7832"}],"wp:attachment":[{"href":"https:\/\/bodegalasarcas.com.ar\/web\/wp-json\/wp\/v2\/media?parent=7460"}],"wp:term":[{"taxonomy":"product_brand","embeddable":true,"href":"https:\/\/bodegalasarcas.com.ar\/web\/wp-json\/wp\/v2\/product_brand?post=7460"},{"taxonomy":"product_cat","embeddable":true,"href":"https:\/\/bodegalasarcas.com.ar\/web\/wp-json\/wp\/v2\/product_cat?post=7460"},{"taxonomy":"product_tag","embeddable":true,"href":"https:\/\/bodegalasarcas.com.ar\/web\/wp-json\/wp\/v2\/product_tag?post=7460"}],"curies":[{"name":"wp","href":"https:\/\/api.w.org\/{rel}","templated":true}]}}